{"id":5,"date":"2020-12-22T10:56:30","date_gmt":"2020-12-22T09:56:30","guid":{"rendered":"http:\/\/www.smsgl.fr\/wp2\/?page_id=5"},"modified":"2024-10-27T18:36:37","modified_gmt":"2024-10-27T17:36:37","slug":"bienvenue","status":"publish","type":"page","link":"http:\/\/www.smsgl.fr\/wp2\/","title":{"rendered":"Bienvenue"},"content":{"rendered":"\n<p class=\"has-drop-cap has-text-color\" style=\"color:#020091;font-size:18px;line-height:1.3\">Bienvenue sur le site de la Soci\u00e9t\u00e9 Mycologique de Saint Genis Laval. Vous trouverez des informations en acc\u00e8s libre sur notre soci\u00e9t\u00e9, des informations sur le monde mycologique, et pour les adh\u00e9rents, des pages priv\u00e9es concernant nos activit\u00e9s, comptes-rendus et informations sur l&rsquo;association.<\/p>\n\n\n\n<p class=\"has-medium-font-size\"><\/p>\n\n\n\n<figure class=\"wp-block-image size-full is-resized\"><img decoding=\"async\" loading=\"lazy\" src=\"http:\/\/www.smsgl.fr\/wp2\/wp-content\/uploads\/2024\/09\/boletus-edulis.jpg\" alt=\"Boletus edulis, c\u00e8pe de Bordeaux\" class=\"wp-image-12582\" width=\"450\" height=\"600\" srcset=\"http:\/\/www.smsgl.fr\/wp2\/wp-content\/uploads\/2024\/09\/boletus-edulis.jpg 600w, http:\/\/www.smsgl.fr\/wp2\/wp-content\/uploads\/2024\/09\/boletus-edulis-225x300.jpg 225w\" sizes=\"(max-width: 450px) 100vw, 450px\" \/><figcaption class=\"wp-element-caption\">Boletus edulis, \u00a9 mountainamoeba<\/figcaption><\/figure>\n\n\n\n<div class=\"is-layout-flow wp-block-group advgb-dyn-f2a6aa86\"><div class=\"wp-block-group__inner-container\">\n<div class=\"is-layout-flex wp-container-3 wp-block-columns\">\n<div class=\"is-layout-flow wp-block-column\">\n<h3 class=\"has-text-align-center has-background advgb-dyn-d2cbc284\" style=\"background-color:#effaff\">D\u00e9tail des horaires<\/h3>\n\n\n\n<ul>\n<li>S\u00e9ances de d\u00e9termination <strong>tous les lundis<\/strong> apr\u00e8s-midi (sauf vacances d&rsquo;\u00e9t\u00e9) : atelier d\u00e9termination et microscopie. Approfondissement de la d\u00e9termination. <strong>Ouverture au public les lundis \u00e0 partir de 16h00 pour aide \u00e0 la d\u00e9termination<\/strong>.<\/li>\n\n\n\n<li>Des vendredis soirs pour les conf\u00e9rences mycologiques et les formations pour les d\u00e9butants. <\/li>\n\n\n\n<li>D&rsquo;autres cr\u00e9neaux horaires, \u00e0 consulter sur le <a href=\"http:\/\/www.smsgl.fr\/wp2\/calendrier-des-activites\/\">calendrier des activit\u00e9s<\/a>.<\/li>\n<\/ul>\n<\/div>\n\n\n\n<div class=\"is-layout-flow wp-block-column\">\n<h3 class=\"has-text-align-center has-background advgb-dyn-29d86029\" style=\"background-color:#ffebeb\">Derni\u00e8res infos<\/h3>\n\n\n\n<ul>\n<li>Les formations pour les nouveaux adh\u00e9rents reprennent \u00e0 partir du vendredi 13 septembre<\/li>\n\n\n\n<li>Prochain week-end mycologique les 8, 9, 10 novembre<\/li>\n<\/ul>\n\n\n\n<p><\/p>\n<\/div>\n<\/div>\n<\/div><\/div>\n<p>Views: 15239<\/p>","protected":false},"excerpt":{"rendered":"<p>Bienvenue sur le site de la Soci\u00e9t\u00e9 Mycologique de Saint Genis Laval. Vous trouverez des informations en acc\u00e8s libre sur notre soci\u00e9t\u00e9, des informations sur le monde mycologique, et pour les adh\u00e9rents, des pages priv\u00e9es concernant nos activit\u00e9s, comptes-rendus et informations sur l&rsquo;association. D\u00e9tail des horaires Derni\u00e8res infos Views: 15239<\/p>\n","protected":false},"author":1,"featured_media":0,"parent":0,"menu_order":0,"comment_status":"closed","ping_status":"closed","template":"","meta":{"advgb_blocks_editor_width":"","advgb_blocks_columns_visual_guide":""},"coauthors":[],"author_meta":{"author_link":"http:\/\/www.smsgl.fr\/wp2\/author\/fresim\/","display_name":"fresim"},"relative_dates":{"created":"Publi\u00e9 5 ans il y a","modified":"Mis \u00e0 jour 2 ans il y a"},"absolute_dates":{"created":"Publi\u00e9 le 22 d\u00e9cembre 2020","modified":"Mise \u00e0 jour le 27 octobre 2024"},"absolute_dates_time":{"created":"Publi\u00e9 le 22 d\u00e9cembre 2020 10h56","modified":"Mise \u00e0 jour le 27 octobre 2024 18h36"},"featured_img_caption":"","featured_img":false,"series_order":"","publishpress_future_action":{"enabled":false,"date":"2026-05-08 06:20:18","action":"change-status","newStatus":"draft","terms":[],"taxonomy":""},"publishpress_future_workflow_manual_trigger":{"enabledWorkflows":[]},"_links":{"self":[{"href":"http:\/\/www.smsgl.fr\/wp2\/wp-json\/wp\/v2\/pages\/5"}],"collection":[{"href":"http:\/\/www.smsgl.fr\/wp2\/wp-json\/wp\/v2\/pages"}],"about":[{"href":"http:\/\/www.smsgl.fr\/wp2\/wp-json\/wp\/v2\/types\/page"}],"author":[{"embeddable":true,"href":"http:\/\/www.smsgl.fr\/wp2\/wp-json\/wp\/v2\/users\/1"}],"replies":[{"embeddable":true,"href":"http:\/\/www.smsgl.fr\/wp2\/wp-json\/wp\/v2\/comments?post=5"}],"version-history":[{"count":48,"href":"http:\/\/www.smsgl.fr\/wp2\/wp-json\/wp\/v2\/pages\/5\/revisions"}],"predecessor-version":[{"id":12589,"href":"http:\/\/www.smsgl.fr\/wp2\/wp-json\/wp\/v2\/pages\/5\/revisions\/12589"}],"wp:attachment":[{"href":"http:\/\/www.smsgl.fr\/wp2\/wp-json\/wp\/v2\/media?parent=5"}],"curies":[{"name":"wp","href":"https:\/\/api.w.org\/{rel}","templated":true}]}}